{"id":1037,"date":"2014-12-16T20:25:37","date_gmt":"2014-12-16T18:25:37","guid":{"rendered":"https:\/\/signumquartet.com\/impressum-2\/"},"modified":"2014-12-16T20:25:37","modified_gmt":"2014-12-16T18:25:37","slug":"impressum","status":"publish","type":"page","link":"https:\/\/signumquartet.com\/en\/impressum\/","title":{"rendered":"Impressum"},"content":{"rendered":"<div  class='flex_column av-av_one_fourth-2a9015ff38129c418a3f2eafba3e9512 av_one_fourth  avia-builder-el-0  el_before_av_one_fourth  avia-builder-el-first  first flex_column_div  '     ><p>\n<style type=\"text\/css\" data-created_by=\"avia_inline_auto\" id=\"style-css-av-av_hr-e2496942029605e928924a21fb4b1e93\">\n#top .hr.hr-invisible.av-av_hr-e2496942029605e928924a21fb4b1e93{\nheight:11px;\n}\n<\/style>\n<div  class='hr av-av_hr-e2496942029605e928924a21fb4b1e93 hr-invisible  avia-builder-el-1  el_before_av_image  avia-builder-el-first '><span class='hr-inner '><span class=\"hr-inner-style\"><\/span><\/span><\/div><br \/>\n\n<style type=\"text\/css\" data-created_by=\"avia_inline_auto\" id=\"style-css-av-av_image-4b0d8add0d1481acd2e74589f0fab7f0\">\n.avia-image-container.av-av_image-4b0d8add0d1481acd2e74589f0fab7f0 img.avia_image{\nbox-shadow:none;\n}\n.avia-image-container.av-av_image-4b0d8add0d1481acd2e74589f0fab7f0 .av-image-caption-overlay-center{\ncolor:#ffffff;\n}\n<\/style>\n<div  class='avia-image-container av-av_image-4b0d8add0d1481acd2e74589f0fab7f0 av-styling- avia-align-left  avia-builder-el-2  el_after_av_hr  el_before_av_hr '   itemprop=\"image\" itemscope=\"itemscope\" itemtype=\"https:\/\/schema.org\/ImageObject\" ><div class=\"avia-image-container-inner\"><div class=\"avia-image-overlay-wrap\"><img decoding=\"async\" fetchpriority=\"high\" class='wp-image-3460 avia-img-lazy-loading-not-3460 avia_image ' src=\"https:\/\/signumquartet.com\/wp-content\/uploads\/2014\/10\/logo1b.png\" alt='' title='Signum Quartett Logo hoch'  height=\"106\" width=\"80\"  itemprop=\"thumbnailUrl\"  \/><\/div><\/div><\/div><br \/>\n\n<style type=\"text\/css\" data-created_by=\"avia_inline_auto\" id=\"style-css-av-av_hr-5ea7596238ed9f191e6b5e662093052f\">\n#top .hr.hr-invisible.av-av_hr-5ea7596238ed9f191e6b5e662093052f{\nheight:30px;\n}\n<\/style>\n<div  class='hr av-av_hr-5ea7596238ed9f191e6b5e662093052f hr-invisible  avia-builder-el-3  el_after_av_image  el_before_av_textblock '><span class='hr-inner '><span class=\"hr-inner-style\"><\/span><\/span><\/div><br \/>\n<section  class='av_textblock_section av-av_textblock-0366cc7376be6c9e82a3e9cc8987b64f '   itemscope=\"itemscope\" itemtype=\"https:\/\/schema.org\/CreativeWork\" ><div class='avia_textblock'  itemprop=\"text\" ><p>Signum Quartett<\/p>\n<p>c\/o Thomas Schmitz<br \/>\nAm Alten Broich 89<br \/>\nD-40764 Langenfeld<br \/>\nTel.\/Fax: +49.2173.2 03 44 62<br \/>\nmobil: +49.178.2 18 83 05<\/p>\n<p><a href=\"mailto:info@signum-quartett.de\">info(at)signum-quartett.de<\/a><br \/>\n<a href=\"http:\/\/www.signum-quartett.de\/\" target=\"_blank\" rel=\"noopener\">www.signum-quartett.de<\/a><\/p>\n<p>Design<\/p>\n<p>Fotos: Ir\u00e8ne Zandel<br \/>\n<a href=\"http:\/\/www.irene-zandel.de\/\" target=\"_blank\" rel=\"noopener\">www.irene-zandel.de<\/a><\/p>\n<p>Verantwortlich\u00a0gem\u00e4\u00df \u00a7 55 RfStV und \u00a7 5 TMG ist: Thomas Schmitz<\/p>\n<\/div><\/section><\/p><\/div><div  class='flex_column av-av_one_fourth-52c89597409f646e66e7cc675a5d9b4a av_one_fourth  avia-builder-el-5  el_after_av_one_fourth  el_before_av_one_half  flex_column_div  '     ><\/div><\/p>\n<div  class='flex_column av-av_one_half-52c89597409f646e66e7cc675a5d9b4a av_one_half  avia-builder-el-6  el_after_av_one_fourth  avia-builder-el-last  flex_column_div  '     ><section  class='av_textblock_section av-av_textblock-0366cc7376be6c9e82a3e9cc8987b64f '   itemscope=\"itemscope\" itemtype=\"https:\/\/schema.org\/CreativeWork\" ><div class='avia_textblock'  itemprop=\"text\" ><p class=\"cntright_title\">Haftungshinweis<\/p>\n<p class=\"cntright_items\">Trotz sorgf\u00e4ltiger inhaltlicher Kontrolle \u00fcbernehmen wir keine Haftung f\u00fcr die Inhalte externer Links. F\u00fcr den Inhalt der verlinkten Seiten sind ausschlie\u00dflich deren Betreiber verantwortlich.<\/p>\n<p>Der Zugriff auf die Homepage der Signum Quartett erfolgt auf eigene Verantwortung und Gefahr. Signum Quartett \u00fcbernimmt keinerlei Gew\u00e4hr f\u00fcr die Aktualit\u00e4t, Korrektheit, Vollst\u00e4ndigkeit oder Qualit\u00e4t der bereitgestellten Informationen. Die Inhalte auf unseren Seiten wurden mit gr\u00f6sster Sorgfalt erstellt. F\u00fcr die Richtigkeit, Vollst\u00e4ndigkeit, Genauigkeit, Zuverl\u00e4ssigkeit und Aktualit\u00e4t der Inhalte kann keine Gew\u00e4hr \u00fcbernommen werden.<\/p>\n<p>Haftungsanspr\u00fcche gegen\u00fcber Signum Quartett, welche sich auf Sch\u00e4den materieller oder ideeller Art beziehen die durch die Nutzung oder Nichtnutzung der dargebotenen Informationen verursacht wurden, oder einer allf\u00e4lligen Sch\u00e4digung von Hard- oder Software durch Viren oder technische Probleme irgendwelcher Art sind grunds\u00e4tzlich ausgeschlossen, sofern seitens Signum Quartett kein nachweislich vors\u00e4tzliches oder grob fahrl\u00e4ssiges Verschulden vorliegt &#8211; wobei die Haftungsbeschr\u00e4nkung auch im Falle eines Verschuldens eines Erf\u00fcllungsgehilfen des Anbieters gilt. Die Haftung des Anbieters ist auf die H\u00f6he des vorhersehbaren Schadens begrenzt.<\/p>\n<p>Signum Quartett beh\u00e4lt es sich ausdr\u00fccklich vor, Teile der Seiten oder das gesamte Angebot ohne gesonderte Ank\u00fcndigung zu ver\u00e4ndern, zu erg\u00e4nzen, zu l\u00f6schen oder die Ver\u00f6ffentlichung zeitweise oder endg\u00fcltig einzustellen, oder diese zeitweise nicht zu ver\u00f6ffentlichen.<\/p>\n<p>Sofern innerhalb des Internetangebotes die M\u00f6glichkeit zur Eingabe pers\u00f6nlicher oder gesch\u00e4ftlicher Daten (E-Mail-Adressen, Namen, Anschriften) besteht, so erfolgt die Preisgabe dieser Daten seitens des Nutzers auf ausdr\u00fccklich freiwilliger Basis.<\/p>\n<p>Die Nutzung der im Rahmen des Impressums oder vergleichbarer Angaben ver\u00f6ffentlichten Kontaktdaten wie Postanschriften, Telefon- und Faxnummern sowie E-Mailadressen durch Dritte zur \u00dcbersendung von nicht ausdr\u00fccklich angeforderten Informationen ist nicht gestattet. Rechtliche Schritte gegen die Versender von sogenannten Spam-Mails bei Verst\u00f6\u00dfen gegen dieses Verbot sind ausdr\u00fccklich vorbehalten.<\/p>\n<p>F\u00fcr externe Links zu fremden Inhalten k\u00f6nnen wir trotz sorgf\u00e4ltiger inhaltlicher Kontrolle keine Haftung \u00fcbernehmen:<br \/>\nBei direkten oder indirekten Verweisen auf fremde Webseiten (\u201cHyperlinks\u201d), die au\u00dferhalb des Verantwortungsbereiches von Signum Quartett liegen, w\u00fcrde eine Haftungsverpflichtung ausschlie\u00dflich in dem Fall in Kraft treten, in dem der Autor von den Inhalten Kenntnis hat und es ihm technisch m\u00f6glich und zumutbar w\u00e4re, die Nutzung im Falle rechtswidriger Inhalte zu verhindern.<br \/>\nDer Autor erkl\u00e4rt hiermit ausdr\u00fccklich, dass zum Zeitpunkt der Linksetzung keine illegalen Inhalte auf den zu verlinkenden Seiten erkennbar waren. Auf die aktuelle und zuk\u00fcnftige Gestaltung, die Inhalte oder die Urheberschaft der verlinkten\/verkn\u00fcpften Seite hat der Autor keinerlei Einfluss. Deshalb distanziert er sich hiermit ausdr\u00fccklich von allen Inhalten aller verlinkten\/verkn\u00fcpften Seiten, die nach der Linksetzung ver\u00e4ndert wurden. Diese Feststellung gilt f\u00fcr alle innerhalb des eigenen Internetangebotes gesetzten Links und Verweise sowie f\u00fcr fremde Eintr\u00e4ge in vom Autor eingerichteten G\u00e4steb\u00fcchern, Diskussionsforen, Linkverzeichnissen, Mailinglisten und in allen anderen Formen von Datenbanken, auf deren Inhalt externe Schreibzugriffe m\u00f6glich sind. F\u00fcr illegale, fehlerhafte oder unvollst\u00e4ndige Inhalte und insbesondere f\u00fcr Sch\u00e4den, die aus der Nutzung oder Nichtnutzung solcherart dargebotener Informationen entstehen, haftet allein der Anbieter der Seite, auf welche verwiesen wurde, nicht derjenige, der \u00fcber Links auf die jeweilige Ver\u00f6ffentlichung lediglich verweist.<br \/>\nMit Urteil vom 12. Mai 1998 hat das Landgericht Hamburg entschieden, dass man durch die Anbringung eines Links die Inhalte der gelinkten Seite gegebenenfalls mitzuverantworten hat. Dies kann \u2013 so das Landgericht \u2013 nur dadurch verhindert werden, dass man sich ausdr\u00fccklich von diesen Inhalten distanziert. Wir weisen ausdr\u00fccklich darauf hin, dass ich keinerlei Einfluss auf die Gestaltung und die Inhalte der gelinkten Seiten habe. Deshalb distanzieren wir uns hiermit von den Inhalten aller gelinkten Seiten auf dieser Internetseite.<\/p>\n<p>Datenschutzerkl\u00e4rung von Signum Quartett:<br \/>\nAlle auf dieser Website erhobenen Daten werden entsprechend den Vorschriften des Bundesdatenschutzgesetzes und des Informations- und Telekommunikationsdienstgesetzes behandelt. Eine Weitergabe von pers\u00f6nlichen Daten an Dritte ohne ausdr\u00fcckliche Einwilligung des Betroffenen erfolgt nicht. Unter pers\u00f6nlichen Daten verstehen wir Informationen, mit denen sich Ihre Identit\u00e4t ermitteln l\u00e4sst. Also etwa Ihr Name, Ihre Adresse oder Ihre Telefonnummer. Technische Informationen, die beispielsweise zeigen, welche Seite unseres Angebots von einer bestimmten IP-Adresse aus abgerufen wurden oder welchen Browser ein Besucher beim Zugriff auf unser Angebot nutzt, fallen nicht darunter.<\/p>\n<p>Registrierung der Zugriffe:<br \/>\nAlle Zugriffe auf diesen Server werden registriert. Es werden Datum, Rechneradresse und gelesenes Dokument gespeichert. Diese Daten werden f\u00fcr statistische Zwecke ausgewertet und gegebenenfalls anonymisiert ver\u00f6ffentlicht. Mit der Benutzung dieses Servers erkl\u00e4ren sie sich hiermit einverstanden.<\/p>\n<p>Die L\u00f6schung der gespeicherten personenbezogenen Daten erfolgt, wenn Sie Ihre Einwilligung zur Speicherung widerrufen, wenn Ihre Kenntnis zur Erf\u00fcllung des mit der Speicherung verfolgten Zwecks nicht mehr erforderlich ist oder wenn ihre Speicherung aus sonstigen gesetzlichen Gr\u00fcnden unzul\u00e4ssig ist.<br \/>\nAuf schriftliche Anfrage werden wir Sie gern \u00fcber die zu Ihrer Person gespeicherten Daten informieren.<br \/>\nWir sind bem\u00fcht, Ihre personenbezogenen Daten durch Ergreifung aller technischen und organisatorischen M\u00f6glichkeiten so zu speichern, dass sie f\u00fcr Dritte nicht zug\u00e4nglich sind. Bei der Kommunikation per E-Mail kann die vollst\u00e4ndige Datensicherheit von uns nicht gew\u00e4hrleistet werden.<\/p>\n<p>Urheber- und Kennzeichnungsrecht:<br \/>\nSignum Quartett ist bestrebt, in allen Publikationen die Urheberrechte der verwendeten Bilder, Grafiken, Tondokumente, Videosequenzen und Texte zu beachten, von ihm selbst erstellte Bilder, Grafiken, Tondokumente, Videosequenzen und Texte zu benutzen oder auf lizenzfreie Grafiken, Tondokumente, Videosequenzen und Texte zur\u00fcckzugreifen.<\/p>\n<\/div><\/section><\/div>\n","protected":false},"excerpt":{"rendered":"","protected":false},"author":2,"featured_media":0,"parent":0,"menu_order":7,"comment_status":"closed","ping_status":"closed","template":"","meta":{"_acf_changed":false,"footnotes":""},"acf":[],"_links":{"self":[{"href":"https:\/\/signumquartet.com\/en\/wp-json\/wp\/v2\/pages\/1037"}],"collection":[{"href":"https:\/\/signumquartet.com\/en\/wp-json\/wp\/v2\/pages"}],"about":[{"href":"https:\/\/signumquartet.com\/en\/wp-json\/wp\/v2\/types\/page"}],"author":[{"embeddable":true,"href":"https:\/\/signumquartet.com\/en\/wp-json\/wp\/v2\/users\/2"}],"replies":[{"embeddable":true,"href":"https:\/\/signumquartet.com\/en\/wp-json\/wp\/v2\/comments?post=1037"}],"version-history":[{"count":0,"href":"https:\/\/signumquartet.com\/en\/wp-json\/wp\/v2\/pages\/1037\/revisions"}],"wp:attachment":[{"href":"https:\/\/signumquartet.com\/en\/wp-json\/wp\/v2\/media?parent=1037"}],"curies":[{"name":"wp","href":"https:\/\/api.w.org\/{rel}","templated":true}]}}